{"id":789,"date":"2022-01-10T14:25:21","date_gmt":"2022-01-10T13:25:21","guid":{"rendered":"https:\/\/www.corbeauxmasques.com\/home\/"},"modified":"2022-01-26T22:38:58","modified_gmt":"2022-01-26T21:38:58","slug":"home","status":"publish","type":"page","link":"https:\/\/www.corbeauxmasques.com\/en\/","title":{"rendered":"Home"},"content":{"rendered":"<section class=\"wpb-content-wrapper\"><p>[vc_row full_width=&#8221;stretch_row&#8221; css=&#8221;.vc_custom_1640182612038{margin-bottom: 0px !important;}&#8221;][vc_column css=&#8221;.vc_custom_1610977961394{margin-bottom: 0px !important;padding-bottom: 0px !important;}&#8221;]\n\t\t\t<!-- START Home REVOLUTION SLIDER 6.5.11 --><p class=\"rs-p-wp-fix\"><\/p>\n\t\t\t<rs-module-wrap id=\"rev_slider_4_1_wrapper\" data-source=\"gallery\" style=\"visibility:hidden;background:transparent;padding:0;margin:0px auto;margin-top:0;margin-bottom:0;\">\n\t\t\t\t<rs-module id=\"rev_slider_4_1\" style=\"\" data-version=\"6.5.11\">\n\t\t\t\t\t<rs-slides>\n\t\t\t\t\t\t<rs-slide style=\"position: absolute;\" data-key=\"rs-21\" data-title=\"Slide\" data-in=\"o:0;\" data-out=\"a:false;\">\n\t\t\t\t\t\t\t<img loading=\"lazy\" decoding=\"async\" src=\"\/\/www.corbeauxmasques.com\/wp-content\/plugins\/revslider\/public\/assets\/assets\/dummy.png\" alt=\"Slide\" title=\"Slide-01\" width=\"1210\" height=\"871\" class=\"rev-slidebg tp-rs-img rs-lazyload\" data-lazyload=\"\/\/www.corbeauxmasques.com\/wp-content\/plugins\/revslider\/public\/assets\/assets\/transparent.png\" data-no-retina>\n<!--\n\t\t\t\t\t\t\t--><a\n\t\t\t\t\t\t\t\tid=\"slider-4-slide-21-layer-0\" \n\t\t\t\t\t\t\t\tclass=\"rs-layer\"\n\t\t\t\t\t\t\t\thref=\"\/en\/duo-work\/\" target=\"_self\"\n\t\t\t\t\t\t\t\tdata-type=\"image\"\n\t\t\t\t\t\t\t\tdata-rsp_ch=\"on\"\n\t\t\t\t\t\t\t\tdata-xy=\"x:c;y:c;\"\n\t\t\t\t\t\t\t\tdata-text=\"w:normal;\"\n\t\t\t\t\t\t\t\tdata-dim=\"w:100%;\"\n\t\t\t\t\t\t\t\tdata-frame_999=\"o:0;st:w;\"\n\t\t\t\t\t\t\t\tstyle=\"z-index:5;\"\n\t\t\t\t\t\t\t><img loading=\"lazy\" decoding=\"async\" src=\"\/\/www.corbeauxmasques.com\/wp-content\/plugins\/revslider\/public\/assets\/assets\/dummy.png\" class=\"tp-rs-img rs-lazyload\" width=\"1210\" height=\"871\" data-lazyload=\"\/\/www.corbeauxmasques.com\/wp-content\/uploads\/2021\/12\/Slide-01.jpg\" data-no-retina> \n\t\t\t\t\t\t\t<\/a><!--\n-->\t\t\t\t\t\t<\/rs-slide>\n\t\t\t\t\t\t<rs-slide style=\"position: absolute;\" data-key=\"rs-22\" data-title=\"Slide\" data-in=\"o:0;\" data-out=\"a:false;\">\n\t\t\t\t\t\t\t<img loading=\"lazy\" decoding=\"async\" src=\"\/\/www.corbeauxmasques.com\/wp-content\/plugins\/revslider\/public\/assets\/assets\/dummy.png\" alt=\"Slide\" title=\"Slide-02\" width=\"1210\" height=\"871\" class=\"rev-slidebg tp-rs-img rs-lazyload\" data-lazyload=\"\/\/www.corbeauxmasques.com\/wp-content\/plugins\/revslider\/public\/assets\/assets\/transparent.png\" data-no-retina>\n<!--\n\t\t\t\t\t\t\t--><a\n\t\t\t\t\t\t\t\tid=\"slider-4-slide-22-layer-1\" \n\t\t\t\t\t\t\t\tclass=\"rs-layer\"\n\t\t\t\t\t\t\t\thref=\"\/en\/duo-work\/\" target=\"_self\"\n\t\t\t\t\t\t\t\tdata-type=\"image\"\n\t\t\t\t\t\t\t\tdata-rsp_ch=\"on\"\n\t\t\t\t\t\t\t\tdata-xy=\"x:c;y:c;\"\n\t\t\t\t\t\t\t\tdata-text=\"w:normal;\"\n\t\t\t\t\t\t\t\tdata-dim=\"w:100%;\"\n\t\t\t\t\t\t\t\tdata-frame_999=\"o:0;st:w;\"\n\t\t\t\t\t\t\t\tstyle=\"z-index:5;\"\n\t\t\t\t\t\t\t><img loading=\"lazy\" decoding=\"async\" src=\"\/\/www.corbeauxmasques.com\/wp-content\/plugins\/revslider\/public\/assets\/assets\/dummy.png\" class=\"tp-rs-img rs-lazyload\" width=\"1210\" height=\"871\" data-lazyload=\"\/\/www.corbeauxmasques.com\/wp-content\/uploads\/2021\/12\/Slide-02.jpg\" data-no-retina> \n\t\t\t\t\t\t\t<\/a><!--\n-->\t\t\t\t\t\t<\/rs-slide>\n\t\t\t\t\t\t<rs-slide style=\"position: absolute;\" data-key=\"rs-23\" data-title=\"Slide\" data-in=\"o:0;\" data-out=\"a:false;\">\n\t\t\t\t\t\t\t<img loading=\"lazy\" decoding=\"async\" src=\"\/\/www.corbeauxmasques.com\/wp-content\/plugins\/revslider\/public\/assets\/assets\/dummy.png\" alt=\"Slide\" title=\"Slide-03\" width=\"1210\" height=\"871\" class=\"rev-slidebg tp-rs-img rs-lazyload\" data-lazyload=\"\/\/www.corbeauxmasques.com\/wp-content\/plugins\/revslider\/public\/assets\/assets\/transparent.png\" data-no-retina>\n<!--\n\t\t\t\t\t\t\t--><a\n\t\t\t\t\t\t\t\tid=\"slider-4-slide-23-layer-2\" \n\t\t\t\t\t\t\t\tclass=\"rs-layer\"\n\t\t\t\t\t\t\t\thref=\"\/en\/duo-work\/\" target=\"_self\"\n\t\t\t\t\t\t\t\tdata-type=\"image\"\n\t\t\t\t\t\t\t\tdata-rsp_ch=\"on\"\n\t\t\t\t\t\t\t\tdata-xy=\"x:c;y:c;\"\n\t\t\t\t\t\t\t\tdata-text=\"w:normal;\"\n\t\t\t\t\t\t\t\tdata-dim=\"w:100%;\"\n\t\t\t\t\t\t\t\tdata-frame_999=\"o:0;st:w;\"\n\t\t\t\t\t\t\t\tstyle=\"z-index:5;\"\n\t\t\t\t\t\t\t><img loading=\"lazy\" decoding=\"async\" src=\"\/\/www.corbeauxmasques.com\/wp-content\/plugins\/revslider\/public\/assets\/assets\/dummy.png\" class=\"tp-rs-img rs-lazyload\" width=\"1210\" height=\"871\" data-lazyload=\"\/\/www.corbeauxmasques.com\/wp-content\/uploads\/2021\/12\/Slide-03.jpg\" data-no-retina> \n\t\t\t\t\t\t\t<\/a><!--\n-->\t\t\t\t\t\t<\/rs-slide>\n\t\t\t\t\t\t<rs-slide style=\"position: absolute;\" data-key=\"rs-24\" data-title=\"Slide\" data-in=\"o:0;\" data-out=\"a:false;\">\n\t\t\t\t\t\t\t<img loading=\"lazy\" decoding=\"async\" src=\"\/\/www.corbeauxmasques.com\/wp-content\/plugins\/revslider\/public\/assets\/assets\/dummy.png\" alt=\"Slide\" title=\"Slide-04\" width=\"1210\" height=\"871\" class=\"rev-slidebg tp-rs-img rs-lazyload\" data-lazyload=\"\/\/www.corbeauxmasques.com\/wp-content\/plugins\/revslider\/public\/assets\/assets\/transparent.png\" data-no-retina>\n<!--\n\t\t\t\t\t\t\t--><a\n\t\t\t\t\t\t\t\tid=\"slider-4-slide-24-layer-3\" \n\t\t\t\t\t\t\t\tclass=\"rs-layer\"\n\t\t\t\t\t\t\t\thref=\"\/en\/duo-work\/\" target=\"_self\"\n\t\t\t\t\t\t\t\tdata-type=\"image\"\n\t\t\t\t\t\t\t\tdata-rsp_ch=\"on\"\n\t\t\t\t\t\t\t\tdata-xy=\"x:c;y:c;\"\n\t\t\t\t\t\t\t\tdata-text=\"w:normal;\"\n\t\t\t\t\t\t\t\tdata-dim=\"w:100%;\"\n\t\t\t\t\t\t\t\tdata-frame_999=\"o:0;st:w;\"\n\t\t\t\t\t\t\t\tstyle=\"z-index:5;\"\n\t\t\t\t\t\t\t><img loading=\"lazy\" decoding=\"async\" src=\"\/\/www.corbeauxmasques.com\/wp-content\/plugins\/revslider\/public\/assets\/assets\/dummy.png\" class=\"tp-rs-img rs-lazyload\" width=\"1210\" height=\"871\" data-lazyload=\"\/\/www.corbeauxmasques.com\/wp-content\/uploads\/2021\/12\/Slide-04.jpg\" data-no-retina> \n\t\t\t\t\t\t\t<\/a><!--\n-->\t\t\t\t\t\t<\/rs-slide>\n\t\t\t\t\t<\/rs-slides>\n\t\t\t\t<\/rs-module>\n\t\t\t\t<script type=\"text\/javascript\">\n\t\t\t\t\tsetREVStartSize({c: 'rev_slider_4_1',rl:[1240,1024,778,480],el:[900],gw:[1240],gh:[900],type:'standard',justify:'',layout:'fullwidth',mh:\"0\"});if (window.RS_MODULES!==undefined && window.RS_MODULES.modules!==undefined && window.RS_MODULES.modules[\"revslider41\"]!==undefined) {window.RS_MODULES.modules[\"revslider41\"].once = false;window.revapi4 = undefined;if (window.RS_MODULES.checkMinimal!==undefined) window.RS_MODULES.checkMinimal()}\n\t\t\t\t<\/script>\n\t\t\t<\/rs-module-wrap>\n\t\t\t<!-- END REVOLUTION SLIDER -->\n[\/vc_column][\/vc_row][vc_row css=&#8221;.vc_custom_1640183749022{margin-top: 30px !important;}&#8221;][vc_column width=&#8221;1\/2&#8243;]<div class=\"trailer_box \"><a href=\"\/en\/farouk\/\" ><img loading=\"lazy\" decoding=\"async\" class=\"scale-with-grid\" src=\"https:\/\/www.corbeauxmasques.com\/wp-content\/uploads\/2021\/11\/00-atelier-R.-Farouk.jpg\" alt=\"00-atelier-R.-Farouk\" width=\"1200\" height=\"840\"\/><div class=\"desc\"><h2>R. Farouk<\/h2><div class=\"line\"><\/div><\/div><\/a><\/div>\n[\/vc_column][vc_column width=&#8221;1\/2&#8243;]<div class=\"trailer_box \"><a href=\"\/en\/lang\/\" ><img loading=\"lazy\" decoding=\"async\" class=\"scale-with-grid\" src=\"https:\/\/www.corbeauxmasques.com\/wp-content\/uploads\/2021\/11\/0-atelier-Lang-D..jpg\" alt=\"0-atelier-Lang-D.\" width=\"1200\" height=\"840\"\/><div class=\"desc\"><h2>Lang D.<\/h2><div class=\"line\"><\/div><\/div><\/a><\/div>\n[\/vc_column][\/vc_row][vc_row full_width=&#8221;stretch_row&#8221; css=&#8221;.vc_custom_1610972647877{background-color: #f7f7f7 !important;}&#8221;][vc_column][vc_column_text]<\/p>\n<h2 style=\"text-align: center;\">NEWS<\/h2>\n<p>[\/vc_column_text][vc_row_inner][vc_column_inner][vc_masonry_grid post_type=&#8221;post&#8221; max_items=&#8221;1&#8243; element_width=&#8221;12&#8243; item=&#8221;874&#8243; grid_id=&#8221;vc_gid:1643233094147-20e13c63-bbdc-6&#8243;][\/vc_column_inner][\/vc_row_inner][vc_row_inner equal_height=&#8221;yes&#8221; content_placement=&#8221;middle&#8221; disable_element=&#8221;yes&#8221;][vc_column_inner width=&#8221;2\/3&#8243;][vc_column_text]<\/p>\n<h3>\u00ab Le crapaud est le plus horrible des oiseaux ! \u00bb<\/h3>\n<p><strong>M\u00e9diath\u00e8que de Tr\u00e9lissac | 9 juillet -25 ao\u00fbt 2021<\/strong><\/p>\n<p>R. Farouk et Lang D. pr\u00e9sentent une exposition de peintures qui invite au voyage dans un monde entre mythe et r\u00e9alit\u00e9, peupl\u00e9 de cr\u00e9atures \u00e9tranges.<br \/>\nEn exposant leurs \u0153uvres respectives dans un m\u00eame lieu, les 2 artistes mettent en \u00e9vidence le dialogue entre leurs 2 univers.[\/vc_column_text][vc_btn title=&#8221;BIEN en P\u00e9rigord&#8221; style=&#8221;outline-custom&#8221; outline_custom_color=&#8221;#0a0a0a&#8221; outline_custom_hover_background=&#8221;#000000&#8243; outline_custom_hover_text=&#8221;#ffffff&#8221; shape=&#8221;square&#8221; align=&#8221;left&#8221; link=&#8221;url:https%3A%2F%2Fwww.bien-en-perigord.fr%2F1-1-1-deux-artistes-pour-une-oeuvre%2F|target:_blank|&#8221;][\/vc_column_inner][vc_column_inner width=&#8221;1\/3&#8243;][vc_single_image image=&#8221;276&#8243; img_size=&#8221;full&#8221;][\/vc_column_inner][\/vc_row_inner][\/vc_column][\/vc_row]<\/p>\n<\/section>","protected":false},"excerpt":{"rendered":"<p>[vc_row full_width=&#8221;stretch_row&#8221; css=&#8221;.vc_custom_1640182612038{margin-bottom: 0px !important;}&#8221;][vc_column css=&#8221;.vc_custom_1610977961394{margin-bottom: 0px !important;padding-bottom: 0px !important;}&#8221;][\/vc_column][\/vc_row][vc_row css=&#8221;.vc_custom_1640183749022{margin-top: 30px !important;}&#8221;][vc_column width=&#8221;1\/2&#8243;][\/vc_column][vc_column width=&#8221;1\/2&#8243;][\/vc_column][\/vc_row][vc_row full_width=&#8221;stretch_row&#8221; css=&#8221;.vc_custom_1610972647877{background-color: #f7f7f7 !important;}&#8221;][vc_column][vc_column_text] NEWS [\/vc_column_text][vc_row_inner][vc_column_inner][vc_masonry_grid post_type=&#8221;post&#8221; max_items=&#8221;1&#8243; element_width=&#8221;12&#8243; item=&#8221;874&#8243; grid_id=&#8221;vc_gid:1643233094147-20e13c63-bbdc-6&#8243;][\/vc_column_inner][\/vc_row_inner][vc_row_inner equal_height=&#8221;yes&#8221; content_placement=&#8221;middle&#8221; disable_element=&#8221;yes&#8221;][vc_column_inner width=&#8221;2\/3&#8243;][vc_column_text] \u00ab Le crapaud est le plus horrible des oiseaux ! \u00bb M\u00e9diath\u00e8que de Tr\u00e9lissac | 9 juillet -25 ao\u00fbt 2021 R. Farouk et Lang D. pr\u00e9sentent une exposition de peintures qui invite au voyage dans un monde entre mythe et r\u00e9alit\u00e9, peupl\u00e9 de cr\u00e9atures \u00e9tranges. En exposant leurs \u0153uvres respectives dans un m\u00eame lieu, les 2 artistes mettent en \u00e9vidence le dialogue entre leurs 2 univers.[\/vc_column_text][vc_btn title=&#8221;BIEN en P\u00e9rigord&#8221; style=&#8221;outline-custom&#8221;<span class=\"excerpt-hellip\"> [\u2026]<\/span><\/p>\n","protected":false},"author":1,"featured_media":0,"parent":0,"menu_order":0,"comment_status":"closed","ping_status":"closed","template":"","meta":{"footnotes":""},"class_list":["post-789","page","type-page","status-publish","hentry"],"yoast_head":"<!-- This site is optimized with the Yoast SEO plugin v26.6 - https:\/\/yoast.com\/wordpress\/plugins\/seo\/ -->\n<title>Home - Corbeaux Masqu\u00e9s<\/title>\n<meta name=\"robots\" content=\"index, follow, max-snippet:-1, max-image-preview:large, max-video-preview:-1\" \/>\n<link rel=\"canonical\" href=\"https:\/\/www.corbeauxmasques.com\/en\/\" \/>\n<meta property=\"og:locale\" content=\"en_US\" \/>\n<meta property=\"og:type\" content=\"article\" \/>\n<meta property=\"og:title\" content=\"Home - Corbeaux Masqu\u00e9s\" \/>\n<meta property=\"og:description\" content=\"[vc_row full_width=&#8221;stretch_row&#8221; css=&#8221;.vc_custom_1640182612038{margin-bottom: 0px !important;}&#8221;][vc_column css=&#8221;.vc_custom_1610977961394{margin-bottom: 0px !important;padding-bottom: 0px !important;}&#8221;][\/vc_column][\/vc_row][vc_row css=&#8221;.vc_custom_1640183749022{margin-top: 30px !important;}&#8221;][vc_column width=&#8221;1\/2&#8243;][\/vc_column][vc_column width=&#8221;1\/2&#8243;][\/vc_column][\/vc_row][vc_row full_width=&#8221;stretch_row&#8221; css=&#8221;.vc_custom_1610972647877{background-color: #f7f7f7 !important;}&#8221;][vc_column][vc_column_text] NEWS [\/vc_column_text][vc_row_inner][vc_column_inner][vc_masonry_grid post_type=&#8221;post&#8221; max_items=&#8221;1&#8243; element_width=&#8221;12&#8243; item=&#8221;874&#8243; grid_id=&#8221;vc_gid:1643233094147-20e13c63-bbdc-6&#8243;][\/vc_column_inner][\/vc_row_inner][vc_row_inner equal_height=&#8221;yes&#8221; content_placement=&#8221;middle&#8221; disable_element=&#8221;yes&#8221;][vc_column_inner width=&#8221;2\/3&#8243;][vc_column_text] \u00ab Le crapaud est le plus horrible des oiseaux ! \u00bb M\u00e9diath\u00e8que de Tr\u00e9lissac | 9 juillet -25 ao\u00fbt 2021 R. Farouk et Lang D. pr\u00e9sentent une exposition de peintures qui invite au voyage dans un monde entre mythe et r\u00e9alit\u00e9, peupl\u00e9 de cr\u00e9atures \u00e9tranges. En exposant leurs \u0153uvres respectives dans un m\u00eame lieu, les 2 artistes mettent en \u00e9vidence le dialogue entre leurs 2 univers.[\/vc_column_text][vc_btn title=&#8221;BIEN en P\u00e9rigord&#8221; style=&#8221;outline-custom&#8221; [\u2026]\" \/>\n<meta property=\"og:url\" content=\"https:\/\/www.corbeauxmasques.com\/en\/\" \/>\n<meta property=\"og:site_name\" content=\"Corbeaux Masqu\u00e9s\" \/>\n<meta property=\"article:modified_time\" content=\"2022-01-26T21:38:58+00:00\" \/>\n<meta name=\"twitter:card\" content=\"summary_large_image\" \/>\n<meta name=\"twitter:label1\" content=\"Est. reading time\" \/>\n\t<meta name=\"twitter:data1\" content=\"1 minute\" \/>\n<script type=\"application\/ld+json\" class=\"yoast-schema-graph\">{\"@context\":\"https:\/\/schema.org\",\"@graph\":[{\"@type\":\"WebPage\",\"@id\":\"https:\/\/www.corbeauxmasques.com\/en\/\",\"url\":\"https:\/\/www.corbeauxmasques.com\/en\/\",\"name\":\"Home - Corbeaux Masqu\u00e9s\",\"isPartOf\":{\"@id\":\"https:\/\/www.corbeauxmasques.com\/#website\"},\"datePublished\":\"2022-01-10T13:25:21+00:00\",\"dateModified\":\"2022-01-26T21:38:58+00:00\",\"breadcrumb\":{\"@id\":\"https:\/\/www.corbeauxmasques.com\/en\/#breadcrumb\"},\"inLanguage\":\"en-US\",\"potentialAction\":[{\"@type\":\"ReadAction\",\"target\":[\"https:\/\/www.corbeauxmasques.com\/en\/\"]}]},{\"@type\":\"BreadcrumbList\",\"@id\":\"https:\/\/www.corbeauxmasques.com\/en\/#breadcrumb\",\"itemListElement\":[{\"@type\":\"ListItem\",\"position\":1,\"name\":\"Accueil\",\"item\":\"https:\/\/www.corbeauxmasques.com\/en\/\"},{\"@type\":\"ListItem\",\"position\":2,\"name\":\"Home\"}]},{\"@type\":\"WebSite\",\"@id\":\"https:\/\/www.corbeauxmasques.com\/#website\",\"url\":\"https:\/\/www.corbeauxmasques.com\/\",\"name\":\"Corbeaux Masqu\u00e9s\",\"description\":\"\",\"potentialAction\":[{\"@type\":\"SearchAction\",\"target\":{\"@type\":\"EntryPoint\",\"urlTemplate\":\"https:\/\/www.corbeauxmasques.com\/?s={search_term_string}\"},\"query-input\":{\"@type\":\"PropertyValueSpecification\",\"valueRequired\":true,\"valueName\":\"search_term_string\"}}],\"inLanguage\":\"en-US\"}]}<\/script>\n<!-- \/ Yoast SEO plugin. -->","yoast_head_json":{"title":"Home - Corbeaux Masqu\u00e9s","robots":{"index":"index","follow":"follow","max-snippet":"max-snippet:-1","max-image-preview":"max-image-preview:large","max-video-preview":"max-video-preview:-1"},"canonical":"https:\/\/www.corbeauxmasques.com\/en\/","og_locale":"en_US","og_type":"article","og_title":"Home - Corbeaux Masqu\u00e9s","og_description":"[vc_row full_width=&#8221;stretch_row&#8221; css=&#8221;.vc_custom_1640182612038{margin-bottom: 0px !important;}&#8221;][vc_column css=&#8221;.vc_custom_1610977961394{margin-bottom: 0px !important;padding-bottom: 0px !important;}&#8221;][\/vc_column][\/vc_row][vc_row css=&#8221;.vc_custom_1640183749022{margin-top: 30px !important;}&#8221;][vc_column width=&#8221;1\/2&#8243;][\/vc_column][vc_column width=&#8221;1\/2&#8243;][\/vc_column][\/vc_row][vc_row full_width=&#8221;stretch_row&#8221; css=&#8221;.vc_custom_1610972647877{background-color: #f7f7f7 !important;}&#8221;][vc_column][vc_column_text] NEWS [\/vc_column_text][vc_row_inner][vc_column_inner][vc_masonry_grid post_type=&#8221;post&#8221; max_items=&#8221;1&#8243; element_width=&#8221;12&#8243; item=&#8221;874&#8243; grid_id=&#8221;vc_gid:1643233094147-20e13c63-bbdc-6&#8243;][\/vc_column_inner][\/vc_row_inner][vc_row_inner equal_height=&#8221;yes&#8221; content_placement=&#8221;middle&#8221; disable_element=&#8221;yes&#8221;][vc_column_inner width=&#8221;2\/3&#8243;][vc_column_text] \u00ab Le crapaud est le plus horrible des oiseaux ! \u00bb M\u00e9diath\u00e8que de Tr\u00e9lissac | 9 juillet -25 ao\u00fbt 2021 R. Farouk et Lang D. pr\u00e9sentent une exposition de peintures qui invite au voyage dans un monde entre mythe et r\u00e9alit\u00e9, peupl\u00e9 de cr\u00e9atures \u00e9tranges. En exposant leurs \u0153uvres respectives dans un m\u00eame lieu, les 2 artistes mettent en \u00e9vidence le dialogue entre leurs 2 univers.[\/vc_column_text][vc_btn title=&#8221;BIEN en P\u00e9rigord&#8221; style=&#8221;outline-custom&#8221; [\u2026]","og_url":"https:\/\/www.corbeauxmasques.com\/en\/","og_site_name":"Corbeaux Masqu\u00e9s","article_modified_time":"2022-01-26T21:38:58+00:00","twitter_card":"summary_large_image","twitter_misc":{"Est. reading time":"1 minute"},"schema":{"@context":"https:\/\/schema.org","@graph":[{"@type":"WebPage","@id":"https:\/\/www.corbeauxmasques.com\/en\/","url":"https:\/\/www.corbeauxmasques.com\/en\/","name":"Home - Corbeaux Masqu\u00e9s","isPartOf":{"@id":"https:\/\/www.corbeauxmasques.com\/#website"},"datePublished":"2022-01-10T13:25:21+00:00","dateModified":"2022-01-26T21:38:58+00:00","breadcrumb":{"@id":"https:\/\/www.corbeauxmasques.com\/en\/#breadcrumb"},"inLanguage":"en-US","potentialAction":[{"@type":"ReadAction","target":["https:\/\/www.corbeauxmasques.com\/en\/"]}]},{"@type":"BreadcrumbList","@id":"https:\/\/www.corbeauxmasques.com\/en\/#breadcrumb","itemListElement":[{"@type":"ListItem","position":1,"name":"Accueil","item":"https:\/\/www.corbeauxmasques.com\/en\/"},{"@type":"ListItem","position":2,"name":"Home"}]},{"@type":"WebSite","@id":"https:\/\/www.corbeauxmasques.com\/#website","url":"https:\/\/www.corbeauxmasques.com\/","name":"Corbeaux Masqu\u00e9s","description":"","potentialAction":[{"@type":"SearchAction","target":{"@type":"EntryPoint","urlTemplate":"https:\/\/www.corbeauxmasques.com\/?s={search_term_string}"},"query-input":{"@type":"PropertyValueSpecification","valueRequired":true,"valueName":"search_term_string"}}],"inLanguage":"en-US"}]}},"_links":{"self":[{"href":"https:\/\/www.corbeauxmasques.com\/en\/wp-json\/wp\/v2\/pages\/789","targetHints":{"allow":["GET"]}}],"collection":[{"href":"https:\/\/www.corbeauxmasques.com\/en\/wp-json\/wp\/v2\/pages"}],"about":[{"href":"https:\/\/www.corbeauxmasques.com\/en\/wp-json\/wp\/v2\/types\/page"}],"author":[{"embeddable":true,"href":"https:\/\/www.corbeauxmasques.com\/en\/wp-json\/wp\/v2\/users\/1"}],"replies":[{"embeddable":true,"href":"https:\/\/www.corbeauxmasques.com\/en\/wp-json\/wp\/v2\/comments?post=789"}],"version-history":[{"count":10,"href":"https:\/\/www.corbeauxmasques.com\/en\/wp-json\/wp\/v2\/pages\/789\/revisions"}],"predecessor-version":[{"id":917,"href":"https:\/\/www.corbeauxmasques.com\/en\/wp-json\/wp\/v2\/pages\/789\/revisions\/917"}],"wp:attachment":[{"href":"https:\/\/www.corbeauxmasques.com\/en\/wp-json\/wp\/v2\/media?parent=789"}],"curies":[{"name":"wp","href":"https:\/\/api.w.org\/{rel}","templated":true}]}}