{"id":854,"date":"2022-01-10T16:10:53","date_gmt":"2022-01-10T15:10:53","guid":{"rendered":"https:\/\/www.corbeauxmasques.com\/r-farouk-about\/"},"modified":"2022-01-14T10:37:03","modified_gmt":"2022-01-14T09:37:03","slug":"r-farouk-about","status":"publish","type":"page","link":"https:\/\/www.corbeauxmasques.com\/en\/r-farouk-about\/","title":{"rendered":"About"},"content":{"rendered":"<section class=\"wpb-content-wrapper\"><p>[vc_row equal_height=&#8221;yes&#8221; content_placement=&#8221;middle&#8221;][vc_column width=&#8221;1\/3&#8243; css=&#8221;.vc_custom_1611002758501{margin-right: 0px !important;margin-left: 0px !important;padding-right: 0px !important;padding-left: 0px !important;background-color: #f7f7f7 !important;}&#8221;][vc_column_text css=&#8221;.vc_custom_1636448791096{margin-right: 0px !important;margin-left: 0px !important;padding-right: 0px !important;padding-left: 0px !important;}&#8221;]<\/p>\n<h4 style=\"text-align: center;\">ABOUT<\/h4>\n<h3 style=\"text-align: center;\">R.Farouk<\/h3>\n<p>&nbsp;<\/p>\n<h6 style=\"text-align: center;\">Artistic Approach \/ Exhibitions<br \/>\nCultural Mediation \/ Press Review<\/h6>\n<p>[\/vc_column_text][\/vc_column][vc_column width=&#8221;2\/3&#8243; css=&#8221;.vc_custom_1636449227919{margin-top: 0px !important;margin-right: 0px !important;margin-bottom: 0px !important;margin-left: 0px !important;padding-top: 0px !important;padding-right: 0px !important;padding-bottom: 0px !important;padding-left: 0px !important;background-image: url(https:\/\/www.corbeauxmasques.com\/wp-content\/uploads\/2021\/11\/00-atelier-R.-Farouk.jpg?id=279) !important;background-position: center !important;background-repeat: no-repeat !important;background-size: cover !important;}&#8221;][vc_empty_space height=&#8221;360px&#8221;][\/vc_column][\/vc_row][vc_row css=&#8221;.vc_custom_1611315503836{margin-bottom: 0px !important;padding-top: 50px !important;padding-bottom: 0px !important;}&#8221;][vc_column width=&#8221;1\/6&#8243;][\/vc_column][vc_column width=&#8221;4\/6&#8243;][vc_column_text]<\/p>\n<h2 style=\"text-align: left;\">BIOGRAPHY<\/h2>\n<p style=\"text-align: justify;\">Farouk Ratib (his full name) was born in Morocco in 1949 where he is lulled by the magic of the tales of the East, as of birth.<br \/>\nHe arrives in France as a teenager and attends a performance of \u00ab Swan Lake \u00bb held at the Strasbourg Opera. This is the spark ! Fascinated by the enchantment of the show, the decor and the lighting, he knows that this is the universe he wants to work in. He even begins his career as a painter and decorator in this same opera. Who would have imagined that 25 years later, he is the one who will design the scenography for \u00ab Swan Lake \u00bb on this same stage.<\/p>\n<p style=\"text-align: justify;\">In 1971, he meets the famous theatre directors Roger Planchon and Patrice Ch\u00e9reau at theTh\u00e9\u00e2tre National Populaire de Villeurbanne, and is lucky to be able to collaborate with them on various shows. He accompanies Patrice Ch\u00e9reau on\u00ab Le Ring \u00bb at the Bayreuth Festival (1976 to 1979), works on the sets as assistant set designer to Richard Peduzzi. This extraordinary adventure will open many doors for him.<\/p>\n<p>[\/vc_column_text][vc_media_grid gap=&#8221;30&#8243; grid_id=&#8221;vc_gid:1642152990707-5ba26d49-2643-2&#8243; include=&#8221;288,289,290&#8243;][vc_column_text]<\/p>\n<p style=\"text-align: justify;\">After a detour at the Th\u00e9\u00e2tre de Bobigny (Paris) where he is deputy set decorator for \u00ab Le juif S\u00fcss \u00bb directed by Jacques Kraemer, he leaves France.<br \/>\nHe stays in Rome in the Cinecitt\u00e0 studies to deepen his technical knowledge in sculpture. He pursues his travels to Berlin then W\u00fcrzburg and Stuttgart where he designs and produces the sets and costumes for shows directed by Dominik Neuner.<\/p>\n<p style=\"text-align: justify;\">In1986, back in Strasbourg he is nominated chief set decorator at the Op\u00e9ra du Rhin (Strasbourg) and in parallel works as scenographer and designs the sets for \u00ab Wozzeck \u00bb together with the one for \u00ab Swan Lake \u00bb.<\/p>\n<p>[\/vc_column_text][vc_media_grid gap=&#8221;30&#8243; grid_id=&#8221;vc_gid:1642152990708-73963574-bbe7-0&#8243; include=&#8221;291,292,293&#8243;][vc_column_text]<\/p>\n<p style=\"text-align: justify;\">As of the nineties, still searching for new horizons, he makes new encounters : with Peter Brook, Jacques Weber, Bob Wilson, M. C. Pietragalla, J.C. Gallota, he produces several paintings for theatre sets on canvas and tulle for their productions.<br \/>\nIn 2001, Nicolas Joel, stage and artistic director of the Th\u00e9\u00e2tre du Capitole (Toulouse) asks him to complete his team as head of his stage sets and scenographic workshop. He offers him the scenography and decorative design for the \u00ab Nougaro \u00bb, \u00ab Giselle \u00bb, \u00ab Who cares ? \u00bb and \u00ab Slaughter on 10th Avenue \u00bb ballets.<\/p>\n<p style=\"text-align: justify;\">The year 2010 is a turning point in his career, he settles down to live in the Dordogne, where in his workshop he devotes himself to his personal painting and sculpture creations.<\/p>\n<p>[\/vc_column_text][\/vc_column][vc_column width=&#8221;1\/6&#8243;][\/vc_column][\/vc_row][vc_row][vc_column width=&#8221;1\/6&#8243;][\/vc_column][vc_column width=&#8221;4\/6&#8243;][vc_column_text]<\/p>\n<h2 style=\"text-align: left;\">ARTISTIC APPROACH<\/h2>\n<p style=\"text-align: justify;\">As much in painting as in sculpture, he relates stories to lead the public into his universe invaded by Greco-Roman mythology as well as the tales from the East.<\/p>\n<p>Always searching for techniques with lightness and transparency, he juggles with play of light and color contrast to create works which he stage-directs into chosen spaces.[\/vc_column_text][vc_media_grid gap=&#8221;30&#8243; grid_id=&#8221;vc_gid:1642152990709-1e629836-e9bb-2&#8243; include=&#8221;295,296,297&#8243;][\/vc_column][vc_column width=&#8221;1\/6&#8243;][\/vc_column][\/vc_row][vc_row full_width=&#8221;stretch_row&#8221; css=&#8221;.vc_custom_1638221232371{padding-top: 150px !important;padding-bottom: 150px !important;background-image: url(https:\/\/www.corbeauxmasques.com\/wp-content\/uploads\/2021\/11\/section.jpg?id=318) !important;background-position: center !important;background-repeat: no-repeat !important;background-size: cover !important;}&#8221;][vc_column][\/vc_column][\/vc_row][vc_row css=&#8221;.vc_custom_1611003436118{padding-top: 50px !important;}&#8221;][vc_column width=&#8221;1\/6&#8243;][\/vc_column][vc_column width=&#8221;4\/6&#8243;][vc_column_text]<\/p>\n<h2 style=\"text-align: left;\">EXHIBITIONS<\/h2>\n<p class=\"big\" style=\"text-align: left;\"><strong>Selected solo exhibitions<\/strong><\/p>\n<p>[\/vc_column_text][vc_row_inner][vc_column_inner width=&#8221;1\/4&#8243;][vc_column_text]<strong>2016<\/strong>[\/vc_column_text][\/vc_column_inner][vc_column_inner width=&#8221;3\/4&#8243;][vc_column_text]Sauvage Dumas Gallery (Civray 86)[\/vc_column_text][\/vc_column_inner][\/vc_row_inner][vc_row_inner][vc_column_inner width=&#8221;1\/4&#8243;][vc_column_text]<strong>2013<\/strong>[\/vc_column_text][\/vc_column_inner][vc_column_inner width=&#8221;3\/4&#8243;][vc_column_text]Egr\u00e9gore Gallery (Marmande 47)[\/vc_column_text][\/vc_column_inner][\/vc_row_inner][vc_column_text]<\/p>\n<p class=\"big\" style=\"text-align: left;\"><strong>Selected group exhibitions<\/strong><\/p>\n<p>[\/vc_column_text][vc_row_inner][vc_column_inner width=&#8221;1\/4&#8243;][vc_column_text]<strong>2019<\/strong>[\/vc_column_text][\/vc_column_inner][vc_column_inner width=&#8221;3\/4&#8243;][vc_column_text]Art Fair (Agen 47)[\/vc_column_text][\/vc_column_inner][\/vc_row_inner][vc_row_inner][vc_column_inner width=&#8221;1\/4&#8243;][vc_column_text]<strong>2016<\/strong>[\/vc_column_text][\/vc_column_inner][vc_column_inner width=&#8221;3\/4&#8243;][vc_column_text]Egr\u00e9gore Gallery (Marmande 47)[\/vc_column_text][\/vc_column_inner][\/vc_row_inner][vc_row_inner][vc_column_inner width=&#8221;1\/4&#8243;][vc_column_text]<strong>2015<\/strong>[\/vc_column_text][\/vc_column_inner][vc_column_inner width=&#8221;3\/4&#8243;][vc_column_text]Selected for the \u00ab Challenge \u00bb exhibition at Egr\u00e9gore Gallery (Marmande 47)[\/vc_column_text][\/vc_column_inner][\/vc_row_inner][vc_column_text]<\/p>\n<h2 style=\"text-align: left;\">COLLECTIONS<\/h2>\n<p>[\/vc_column_text][vc_row_inner css=&#8221;.vc_custom_1611140703013{margin-bottom: 0px !important;padding-bottom: 0px !important;}&#8221;][vc_column_inner width=&#8221;1\/4&#8243;][vc_column_text]<strong>2018<\/strong>[\/vc_column_text][\/vc_column_inner][vc_column_inner width=&#8221;3\/4&#8243;][vc_column_text]\u00ab Collection 2018 \u00bb for Fonds D\u00e9partemental d\u2019Art Contemporain de Dordogne[\/vc_column_text][\/vc_column_inner][\/vc_row_inner][vc_row_inner css=&#8221;.vc_custom_1611140703013{margin-bottom: 0px !important;padding-bottom: 0px !important;}&#8221;][vc_column_inner width=&#8221;1\/4&#8243;][vc_column_text]<strong>2016<\/strong>[\/vc_column_text][\/vc_column_inner][vc_column_inner width=&#8221;3\/4&#8243;][vc_column_text]Collection \u00ab Mises au Jour \u00bb for Fonds D\u00e9partemental d\u2019Art contemporain de Dordogne[\/vc_column_text][\/vc_column_inner][\/vc_row_inner][vc_column_text]<\/p>\n<h2 style=\"text-align: left;\">CULTURAL MEDIATION<\/h2>\n<p>[\/vc_column_text][vc_row_inner css=&#8221;.vc_custom_1611140736454{margin-bottom: 0px !important;padding-bottom: 0px !important;}&#8221;][vc_column_inner width=&#8221;1\/4&#8243;][vc_column_text]<strong>2019<\/strong>[\/vc_column_text][\/vc_column_inner][vc_column_inner width=&#8221;3\/4&#8243;][vc_column_text]Mediation with schools for the \u00ab Mises au Jour \u00bb FDAC Dordogne exhibition[\/vc_column_text][\/vc_column_inner][\/vc_row_inner][\/vc_column][vc_column width=&#8221;1\/6&#8243;][\/vc_column][\/vc_row][vc_row][vc_column][vc_column_text]<\/p>\n<h2 style=\"text-align: center;\">PRESS REVIEW<\/h2>\n<p>[\/vc_column_text][\/vc_column][\/vc_row][vc_row][vc_column width=&#8221;1\/3&#8243;][vc_single_image image=&#8221;328&#8243; img_size=&#8221;full&#8221; onclick=&#8221;link_image&#8221;][vc_single_image image=&#8221;407&#8243; img_size=&#8221;full&#8221; onclick=&#8221;link_image&#8221;][vc_single_image image=&#8221;327&#8243; img_size=&#8221;full&#8221; onclick=&#8221;link_image&#8221;][\/vc_column][vc_column width=&#8221;1\/3&#8243;][vc_single_image image=&#8221;408&#8243; img_size=&#8221;full&#8221; onclick=&#8221;link_image&#8221;][vc_single_image image=&#8221;411&#8243; img_size=&#8221;full&#8221; onclick=&#8221;link_image&#8221;][vc_single_image image=&#8221;412&#8243; img_size=&#8221;full&#8221; onclick=&#8221;link_image&#8221;][\/vc_column][vc_column width=&#8221;1\/3&#8243;][vc_single_image image=&#8221;409&#8243; img_size=&#8221;full&#8221; onclick=&#8221;link_image&#8221;][vc_single_image image=&#8221;410&#8243; img_size=&#8221;full&#8221; onclick=&#8221;link_image&#8221;][\/vc_column][\/vc_row]<\/p>\n<\/section>","protected":false},"excerpt":{"rendered":"<p>[vc_row equal_height=&#8221;yes&#8221; content_placement=&#8221;middle&#8221;][vc_column width=&#8221;1\/3&#8243; css=&#8221;.vc_custom_1611002758501{margin-right: 0px !important;margin-left: 0px !important;padding-right: 0px !important;padding-left: 0px !important;background-color: #f7f7f7 !important;}&#8221;][vc_column_text css=&#8221;.vc_custom_1636448791096{margin-right: 0px !important;margin-left: 0px !important;padding-right: 0px !important;padding-left: 0px !important;}&#8221;] ABOUT R.Farouk &nbsp; Artistic Approach \/ Exhibitions Cultural Mediation \/ Press Review [\/vc_column_text][\/vc_column][vc_column width=&#8221;2\/3&#8243; css=&#8221;.vc_custom_1636449227919{margin-top: 0px !important;margin-right: 0px !important;margin-bottom: 0px !important;margin-left: 0px !important;padding-top: 0px !important;padding-right: 0px !important;padding-bottom: 0px !important;padding-left: 0px !important;background-image: url(https:\/\/www.corbeauxmasques.com\/wp-content\/uploads\/2021\/11\/00-atelier-R.-Farouk.jpg?id=279) !important;background-position: center !important;background-repeat: no-repeat !important;background-size: cover !important;}&#8221;][vc_empty_space height=&#8221;360px&#8221;][\/vc_column][\/vc_row][vc_row css=&#8221;.vc_custom_1611315503836{margin-bottom: 0px !important;padding-top: 50px !important;padding-bottom: 0px !important;}&#8221;][vc_column width=&#8221;1\/6&#8243;][\/vc_column][vc_column width=&#8221;4\/6&#8243;][vc_column_text] BIOGRAPHY Farouk Ratib (his full name) was born in Morocco in 1949 where he is lulled by the magic of the tales of the East, as of<span class=\"excerpt-hellip\"> [\u2026]<\/span><\/p>\n","protected":false},"author":1,"featured_media":0,"parent":0,"menu_order":0,"comment_status":"closed","ping_status":"closed","template":"","meta":{"footnotes":""},"class_list":["post-854","page","type-page","status-publish","hentry"],"yoast_head":"<!-- This site is optimized with the Yoast SEO plugin v26.6 - https:\/\/yoast.com\/wordpress\/plugins\/seo\/ -->\n<title>About - Corbeaux Masqu\u00e9s<\/title>\n<meta name=\"robots\" content=\"index, follow, max-snippet:-1, max-image-preview:large, max-video-preview:-1\" \/>\n<link rel=\"canonical\" href=\"https:\/\/www.corbeauxmasques.com\/en\/r-farouk-about\/\" \/>\n<meta property=\"og:locale\" content=\"en_US\" \/>\n<meta property=\"og:type\" content=\"article\" \/>\n<meta property=\"og:title\" content=\"About - Corbeaux Masqu\u00e9s\" \/>\n<meta property=\"og:description\" content=\"[vc_row equal_height=&#8221;yes&#8221; content_placement=&#8221;middle&#8221;][vc_column width=&#8221;1\/3&#8243; css=&#8221;.vc_custom_1611002758501{margin-right: 0px !important;margin-left: 0px !important;padding-right: 0px !important;padding-left: 0px !important;background-color: #f7f7f7 !important;}&#8221;][vc_column_text css=&#8221;.vc_custom_1636448791096{margin-right: 0px !important;margin-left: 0px !important;padding-right: 0px !important;padding-left: 0px !important;}&#8221;] ABOUT R.Farouk &nbsp; Artistic Approach \/ Exhibitions Cultural Mediation \/ Press Review [\/vc_column_text][\/vc_column][vc_column width=&#8221;2\/3&#8243; css=&#8221;.vc_custom_1636449227919{margin-top: 0px !important;margin-right: 0px !important;margin-bottom: 0px !important;margin-left: 0px !important;padding-top: 0px !important;padding-right: 0px !important;padding-bottom: 0px !important;padding-left: 0px !important;background-image: url(https:\/\/www.corbeauxmasques.com\/wp-content\/uploads\/2021\/11\/00-atelier-R.-Farouk.jpg?id=279) !important;background-position: center !important;background-repeat: no-repeat !important;background-size: cover !important;}&#8221;][vc_empty_space height=&#8221;360px&#8221;][\/vc_column][\/vc_row][vc_row css=&#8221;.vc_custom_1611315503836{margin-bottom: 0px !important;padding-top: 50px !important;padding-bottom: 0px !important;}&#8221;][vc_column width=&#8221;1\/6&#8243;][\/vc_column][vc_column width=&#8221;4\/6&#8243;][vc_column_text] BIOGRAPHY Farouk Ratib (his full name) was born in Morocco in 1949 where he is lulled by the magic of the tales of the East, as of [\u2026]\" \/>\n<meta property=\"og:url\" content=\"https:\/\/www.corbeauxmasques.com\/en\/r-farouk-about\/\" \/>\n<meta property=\"og:site_name\" content=\"Corbeaux Masqu\u00e9s\" \/>\n<meta property=\"article:modified_time\" content=\"2022-01-14T09:37:03+00:00\" \/>\n<meta name=\"twitter:card\" content=\"summary_large_image\" \/>\n<meta name=\"twitter:label1\" content=\"Est. reading time\" \/>\n\t<meta name=\"twitter:data1\" content=\"6 minutes\" \/>\n<script type=\"application\/ld+json\" class=\"yoast-schema-graph\">{\"@context\":\"https:\/\/schema.org\",\"@graph\":[{\"@type\":\"WebPage\",\"@id\":\"https:\/\/www.corbeauxmasques.com\/en\/r-farouk-about\/\",\"url\":\"https:\/\/www.corbeauxmasques.com\/en\/r-farouk-about\/\",\"name\":\"About - Corbeaux Masqu\u00e9s\",\"isPartOf\":{\"@id\":\"https:\/\/www.corbeauxmasques.com\/#website\"},\"datePublished\":\"2022-01-10T15:10:53+00:00\",\"dateModified\":\"2022-01-14T09:37:03+00:00\",\"breadcrumb\":{\"@id\":\"https:\/\/www.corbeauxmasques.com\/en\/r-farouk-about\/#breadcrumb\"},\"inLanguage\":\"en-US\",\"potentialAction\":[{\"@type\":\"ReadAction\",\"target\":[\"https:\/\/www.corbeauxmasques.com\/en\/r-farouk-about\/\"]}]},{\"@type\":\"BreadcrumbList\",\"@id\":\"https:\/\/www.corbeauxmasques.com\/en\/r-farouk-about\/#breadcrumb\",\"itemListElement\":[{\"@type\":\"ListItem\",\"position\":1,\"name\":\"Accueil\",\"item\":\"https:\/\/www.corbeauxmasques.com\/en\/\"},{\"@type\":\"ListItem\",\"position\":2,\"name\":\"About\"}]},{\"@type\":\"WebSite\",\"@id\":\"https:\/\/www.corbeauxmasques.com\/#website\",\"url\":\"https:\/\/www.corbeauxmasques.com\/\",\"name\":\"Corbeaux Masqu\u00e9s\",\"description\":\"\",\"potentialAction\":[{\"@type\":\"SearchAction\",\"target\":{\"@type\":\"EntryPoint\",\"urlTemplate\":\"https:\/\/www.corbeauxmasques.com\/?s={search_term_string}\"},\"query-input\":{\"@type\":\"PropertyValueSpecification\",\"valueRequired\":true,\"valueName\":\"search_term_string\"}}],\"inLanguage\":\"en-US\"}]}<\/script>\n<!-- \/ Yoast SEO plugin. -->","yoast_head_json":{"title":"About - Corbeaux Masqu\u00e9s","robots":{"index":"index","follow":"follow","max-snippet":"max-snippet:-1","max-image-preview":"max-image-preview:large","max-video-preview":"max-video-preview:-1"},"canonical":"https:\/\/www.corbeauxmasques.com\/en\/r-farouk-about\/","og_locale":"en_US","og_type":"article","og_title":"About - Corbeaux Masqu\u00e9s","og_description":"[vc_row equal_height=&#8221;yes&#8221; content_placement=&#8221;middle&#8221;][vc_column width=&#8221;1\/3&#8243; css=&#8221;.vc_custom_1611002758501{margin-right: 0px !important;margin-left: 0px !important;padding-right: 0px !important;padding-left: 0px !important;background-color: #f7f7f7 !important;}&#8221;][vc_column_text css=&#8221;.vc_custom_1636448791096{margin-right: 0px !important;margin-left: 0px !important;padding-right: 0px !important;padding-left: 0px !important;}&#8221;] ABOUT R.Farouk &nbsp; Artistic Approach \/ Exhibitions Cultural Mediation \/ Press Review [\/vc_column_text][\/vc_column][vc_column width=&#8221;2\/3&#8243; css=&#8221;.vc_custom_1636449227919{margin-top: 0px !important;margin-right: 0px !important;margin-bottom: 0px !important;margin-left: 0px !important;padding-top: 0px !important;padding-right: 0px !important;padding-bottom: 0px !important;padding-left: 0px !important;background-image: url(https:\/\/www.corbeauxmasques.com\/wp-content\/uploads\/2021\/11\/00-atelier-R.-Farouk.jpg?id=279) !important;background-position: center !important;background-repeat: no-repeat !important;background-size: cover !important;}&#8221;][vc_empty_space height=&#8221;360px&#8221;][\/vc_column][\/vc_row][vc_row css=&#8221;.vc_custom_1611315503836{margin-bottom: 0px !important;padding-top: 50px !important;padding-bottom: 0px !important;}&#8221;][vc_column width=&#8221;1\/6&#8243;][\/vc_column][vc_column width=&#8221;4\/6&#8243;][vc_column_text] BIOGRAPHY Farouk Ratib (his full name) was born in Morocco in 1949 where he is lulled by the magic of the tales of the East, as of [\u2026]","og_url":"https:\/\/www.corbeauxmasques.com\/en\/r-farouk-about\/","og_site_name":"Corbeaux Masqu\u00e9s","article_modified_time":"2022-01-14T09:37:03+00:00","twitter_card":"summary_large_image","twitter_misc":{"Est. reading time":"6 minutes"},"schema":{"@context":"https:\/\/schema.org","@graph":[{"@type":"WebPage","@id":"https:\/\/www.corbeauxmasques.com\/en\/r-farouk-about\/","url":"https:\/\/www.corbeauxmasques.com\/en\/r-farouk-about\/","name":"About - Corbeaux Masqu\u00e9s","isPartOf":{"@id":"https:\/\/www.corbeauxmasques.com\/#website"},"datePublished":"2022-01-10T15:10:53+00:00","dateModified":"2022-01-14T09:37:03+00:00","breadcrumb":{"@id":"https:\/\/www.corbeauxmasques.com\/en\/r-farouk-about\/#breadcrumb"},"inLanguage":"en-US","potentialAction":[{"@type":"ReadAction","target":["https:\/\/www.corbeauxmasques.com\/en\/r-farouk-about\/"]}]},{"@type":"BreadcrumbList","@id":"https:\/\/www.corbeauxmasques.com\/en\/r-farouk-about\/#breadcrumb","itemListElement":[{"@type":"ListItem","position":1,"name":"Accueil","item":"https:\/\/www.corbeauxmasques.com\/en\/"},{"@type":"ListItem","position":2,"name":"About"}]},{"@type":"WebSite","@id":"https:\/\/www.corbeauxmasques.com\/#website","url":"https:\/\/www.corbeauxmasques.com\/","name":"Corbeaux Masqu\u00e9s","description":"","potentialAction":[{"@type":"SearchAction","target":{"@type":"EntryPoint","urlTemplate":"https:\/\/www.corbeauxmasques.com\/?s={search_term_string}"},"query-input":{"@type":"PropertyValueSpecification","valueRequired":true,"valueName":"search_term_string"}}],"inLanguage":"en-US"}]}},"_links":{"self":[{"href":"https:\/\/www.corbeauxmasques.com\/en\/wp-json\/wp\/v2\/pages\/854","targetHints":{"allow":["GET"]}}],"collection":[{"href":"https:\/\/www.corbeauxmasques.com\/en\/wp-json\/wp\/v2\/pages"}],"about":[{"href":"https:\/\/www.corbeauxmasques.com\/en\/wp-json\/wp\/v2\/types\/page"}],"author":[{"embeddable":true,"href":"https:\/\/www.corbeauxmasques.com\/en\/wp-json\/wp\/v2\/users\/1"}],"replies":[{"embeddable":true,"href":"https:\/\/www.corbeauxmasques.com\/en\/wp-json\/wp\/v2\/comments?post=854"}],"version-history":[{"count":12,"href":"https:\/\/www.corbeauxmasques.com\/en\/wp-json\/wp\/v2\/pages\/854\/revisions"}],"predecessor-version":[{"id":894,"href":"https:\/\/www.corbeauxmasques.com\/en\/wp-json\/wp\/v2\/pages\/854\/revisions\/894"}],"wp:attachment":[{"href":"https:\/\/www.corbeauxmasques.com\/en\/wp-json\/wp\/v2\/media?parent=854"}],"curies":[{"name":"wp","href":"https:\/\/api.w.org\/{rel}","templated":true}]}}